{"id":711,"date":"2020-09-29T14:38:33","date_gmt":"2020-09-29T14:38:33","guid":{"rendered":"http:\/\/janulikova.cz\/?page_id=711"},"modified":"2020-09-29T14:40:06","modified_gmt":"2020-09-29T14:40:06","slug":"zpracovani-a-ochrana-osobnich-udaju","status":"publish","type":"page","link":"https:\/\/janulikova.cz\/?page_id=711","title":{"rendered":"ZPRACOV\u00c1N\u00cd A OCHRANA OSOBN\u00cdCH \u00daDAJ\u016e"},"content":{"rendered":"\n<h2 class=\"wp-block-heading\">v not\u00e1\u0159sk\u00e9 kancel\u00e1\u0159i Mgr. Kl\u00e1ry Janul\u00edkov\u00e9, not\u00e1\u0159ky se s\u00eddlem v&nbsp;Brn\u011b<\/h2>\n\n\n\n<p><strong>Mgr. Kl\u00e1ra Janul\u00edkov\u00e1, not\u00e1\u0159ka se s\u00eddlem v&nbsp;Brn\u011b<\/strong>,<strong> <\/strong>t\u00edmto podle&nbsp;ustanoven\u00ed \u010dl. 13 Na\u0159\u00edzen\u00ed Evropsk\u00e9ho parlamentu a Rady (EU) 2016\/679 ze dne 27. dubna 2016 o ochran\u011b fyzick\u00fdch osob v souvislosti se&nbsp;zpracov\u00e1n\u00edm osobn\u00edch \u00fadaj\u016f a o voln\u00e9m pohybu t\u011bchto \u00fadaj\u016f a o zru\u0161en\u00ed sm\u011brnice 95\/46\/ES (obecn\u00e9 na\u0159\u00edzen\u00ed o ochran\u011b osobn\u00edch \u00fadaj\u016f) (d\u00e1le jen \u201e<strong>GDPR<\/strong>\u201c) poskytuje p\u0159ehled o zpracov\u00e1n\u00ed a&nbsp;ochran\u011b osobn\u00edch \u00fadaj\u016f ve sv\u00e9 not\u00e1\u0159sk\u00e9 kancel\u00e1\u0159i na adrese Nov\u00e9 sady 996\/25, 602 00 Brno.<\/p>\n\n\n\n<p><strong>Spr\u00e1vce osobn\u00edch \u00fadaj\u016f:<\/strong><strong> <\/strong><strong><\/strong>v&nbsp;oblasti not\u00e1\u0159sk\u00e9 \u010dinnosti a dal\u0161\u00ed \u010dinnosti (s v\u00fdjimkou \u010dinnosti v&nbsp;poz\u016fstalostn\u00edm \u0159\u00edzen\u00ed):<\/p>\n\n\n\n<p><strong>Mgr. Kl\u00e1ra Janul\u00edkov\u00e1, not\u00e1\u0159ka se s\u00eddlem v&nbsp;Brn\u011b<\/strong><br>tel. \u010d. +420 601&nbsp;165&nbsp;175<br>e-mail: <a href=\"mailto:nk@janulikova.cz\">nk@janulikova.cz<\/a><br>ID datov\u00e9 schr\u00e1nky: <strong>c8he7if<\/strong><\/p>\n\n\n\n<p>v oblasti poz\u016fstalostn\u00edho \u0159\u00edzen\u00ed: je spr\u00e1vcem osobn\u00edch \u00fadaj\u016f <strong>Okresn\u00ed soud Brno-venkov<\/strong>.<\/p>\n\n\n\n<h2 class=\"wp-block-heading\"><strong>Pov<\/strong>\u011b\u0159enec pro ochranu osobn\u00edch \u00fadaj\u016f:<\/h2>\n\n\n\n<p>v&nbsp;oblasti not\u00e1\u0159sk\u00e9 \u010dinnosti a dal\u0161\u00ed \u010dinnosti (s v\u00fdjimkou \u010dinnosti v&nbsp;poz\u016fstalostn\u00edm \u0159\u00edzen\u00ed) je v\u00fdkonem funkce pov\u011b\u0159ence pro&nbsp;ochranu osobn\u00edch \u00fadaj\u016f pov\u011b\u0159en:<\/p>\n\n\n\n<p><strong>Ing. Jaroslav \u0160ustr, MBA<\/strong><br>se s\u00eddlem Not\u00e1\u0159sk\u00e1 komora \u010cesk\u00e9 republiky,<br>Apolin\u00e1\u0159sk\u00e1 12, 128&nbsp;00 Praha 2<br>tel: +420 224 921&nbsp;126<br>e-mail: <a href=\"mailto:jaroslav.sustr@nkcr.cz\">jaroslav.sustr@nkcr.cz<\/a><\/p>\n\n\n\n<p>v oblasti poz\u016fstalostn\u00edho \u0159\u00edzen\u00ed: spr\u00e1vce nebo zpracovatel podle&nbsp;ustanoven\u00ed \u00a7 37 odst. 1 p\u00edsm. a) GDPR nejmenuje pov\u011b\u0159ence pro ochranu osobn\u00edch \u00fadaj\u016f v&nbsp;p\u0159\u00edpad\u011b, kdy zpracov\u00e1n\u00ed prov\u00e1d\u00ed soud v&nbsp;r\u00e1mci sv\u00fdch soudn\u00edch pravomoc\u00ed. V&nbsp;\u0159\u00edzen\u00ed o&nbsp;poz\u016fstalosti prov\u00e1d\u00ed \u00fakony soudu prvn\u00edho stupn\u011b not\u00e1\u0159ka jako soudem pov\u011b\u0159en\u00e1 soudn\u00ed komisa\u0159ka. Pro oblast \u010dinnosti v&nbsp;poz\u016fstalostn\u00edm \u0159\u00edzen\u00ed tak pov\u011b\u0159enec pro ochranu osobn\u00edch \u00fadaj\u016f nen\u00ed jmenov\u00e1n.<\/p>\n\n\n\n<p><strong>\u00da\u010del a pr\u00e1vn\u00ed z\u00e1klad zpracov\u00e1n\u00ed osobn\u00edch \u00fadaj\u016f:<\/strong>&nbsp;not\u00e1\u0159ka je ve smyslu ustanoven\u00ed \u00a7 1 odst. 1 z\u00e1kona \u010d. 358\/1992 Sb., o&nbsp;not\u00e1\u0159\u00edch a jejich \u010dinnosti (not\u00e1\u0159sk\u00fd \u0159\u00e1d) fyzickou osobou, kterou st\u00e1t pov\u011b\u0159il not\u00e1\u0159sk\u00fdm \u00fa\u0159adem, a tedy v\u00fdkonem not\u00e1\u0159stv\u00ed a dal\u0161\u00edch \u010dinnost\u00ed stanoven\u00fdch z\u00e1konem trvale spojen\u00fdch s m\u00edstem v\u00fdkonu t\u00e9to \u010dinnosti. P\u0159i v\u00fdkonu not\u00e1\u0159stv\u00ed sepisuje ve\u0159ejn\u00e9 listiny o&nbsp;pr\u00e1vn\u00edch jedn\u00e1n\u00edch, osv\u011bd\u010duje pr\u00e1vn\u011b v\u00fdznamn\u00e9 skute\u010dnosti a prohl\u00e1\u0161en\u00ed, p\u0159ij\u00edm\u00e1 listiny a pen\u00edze do not\u00e1\u0159sk\u00e9 \u00faschovy, d\u00e1le prov\u00e1d\u00ed z\u00e1pisy do Rejst\u0159\u00edku z\u00e1stav veden\u00e9ho Not\u00e1\u0159skou komorou \u010cesk\u00e9 republiky, ve\u0159ejn\u00fdch rejst\u0159\u00edk\u016f a&nbsp;ve\u0159ejn\u00fdch seznam\u016f (not\u00e1\u0159sk\u00e1 \u010dinnost). V&nbsp;souvislosti s&nbsp;not\u00e1\u0159skou \u010dinnost\u00ed m\u016f\u017ee not\u00e1\u0159ka v r\u00e1mci dal\u0161\u00ed \u010dinnosti&nbsp;ud\u011blovat pr\u00e1vn\u00ed porady a zastupovat v&nbsp;jedn\u00e1n\u00ed s&nbsp;fyzick\u00fdmi a pr\u00e1vnick\u00fdmi osobami a v&nbsp;\u0159\u00edzen\u00ed p\u0159ed&nbsp;org\u00e1ny ve\u0159ejn\u00e9 moci, sepisovat soukrom\u00e9 listiny a zpracov\u00e1vat pr\u00e1vn\u00ed rozbory, vykon\u00e1vat spr\u00e1vu majetku a zastupovat v t\u00e9to souvislosti a vykon\u00e1vat funkci insolven\u010dn\u00edho spr\u00e1vce atd.<\/p>\n\n\n\n<p>D\u00e1le not\u00e1\u0159ka jako\u017eto soudn\u00ed komisa\u0159ka pov\u011b\u0159en\u00e1 soudem prov\u00e1d\u00ed v&nbsp;\u0159\u00edzen\u00ed o poz\u016fstalosti ve smyslu ustanoven\u00ed \u00a7 100 z\u00e1kona \u010d. 292\/2013 Sb., o zvl\u00e1\u0161tn\u00edch \u0159\u00edzen\u00edch soudn\u00edch \u00fakony soudu prvn\u00edho stupn\u011b.<\/p>\n\n\n\n<p>Za \u00fa\u010delem pln\u011bn\u00ed v\u00fd\u0161e uveden\u00fdch z\u00e1konn\u00fdch povinnost\u00ed a pro spln\u011bn\u00ed \u00fakol\u016f prov\u00e1d\u011bn\u00fdch ve&nbsp;ve\u0159ejn\u00e9m z\u00e1jmu nebo p\u0159i v\u00fdkonu ve\u0159ejn\u00e9 moci, not\u00e1\u0159ka zpracov\u00e1v\u00e1 osobn\u00ed \u00fadaje fyzick\u00fdch osob, zejm\u00e9na t\u011bch, kte\u0159\u00ed jsou \u00fa\u010dastn\u00edci not\u00e1\u0159sk\u00e9ho z\u00e1pisu o pr\u00e1vn\u00edm jedn\u00e1n\u00ed, jejich z\u00e1stupci, sv\u011bdci \u00fakonu, d\u016fv\u011brn\u00edci, tlumo\u010dn\u00edci, \u017eadatel\u00e9 o osv\u011bd\u010den\u00ed pr\u00e1vn\u011b v\u00fdznamn\u00fdch skute\u010dnost\u00ed a prohl\u00e1\u0161en\u00ed, \u017eadatel\u00e9 o&nbsp;not\u00e1\u0159skou \u00faschovu listin, slo\u017eitel\u00e9 a p\u0159\u00edjemci not\u00e1\u0159sk\u00e9 \u00faschovy pen\u011bz, jin\u00e9 osoby ve smyslu ustanoven\u00ed \u00a7&nbsp;91&nbsp;not\u00e1\u0159sk\u00e9ho \u0159\u00e1du, v\u011b\u0159itel\u00e9 podle ustanoven\u00ed \u00a7 94b a n\u00e1sl. not\u00e1\u0159sk\u00e9ho \u0159\u00e1du atd.<\/p>\n\n\n\n<p>D\u00e1le jako soudn\u00ed komisa\u0159ka zpracov\u00e1v\u00e1 not\u00e1\u0159ka osobn\u00ed \u00fadaje fyzick\u00fdch osob, kter\u00e9 jsou \u00fa\u010dastn\u00edky \u0159\u00edzen\u00ed o poz\u016fstalosti \u010di jsou jinak z\u00fa\u010dastn\u011bny na poz\u016fstalostn\u00edm \u0159\u00edzen\u00ed.<\/p>\n\n\n\n<p>Sou\u010dasn\u011b not\u00e1\u0159ka za \u00fa\u010delem \u0159\u00e1dn\u00e9ho v\u00fdkonu sv\u00e9 \u010dinnosti, zaji\u0161\u0165ov\u00e1n\u00ed chodu kancel\u00e1\u0159e zejm\u00e9na po&nbsp;str\u00e1nce organiza\u010dn\u00ed, hospod\u00e1\u0159sk\u00e9 a finan\u010dn\u00ed, zpracov\u00e1v\u00e1 osobn\u00ed \u00fadaje smluvn\u00edch dodavatel\u016f \u2013 fyzick\u00fdch osob z titulu pln\u011bn\u00ed smluvn\u00edch povinnost\u00ed.<\/p>\n\n\n\n<p><strong>Pr\u00e1vn\u00edmi tituly&nbsp;pro zpracov\u00e1n\u00ed osobn\u00edch \u00fadaj\u016f<\/strong> v&nbsp;not\u00e1\u0159sk\u00e9 kancel\u00e1\u0159i Mgr. Kl\u00e1ry Janul\u00edkov\u00e9, not\u00e1\u0159ky se&nbsp;s\u00eddlem v&nbsp;Brn\u011b, podle GDPR<strong> <\/strong>a ustanoven\u00ed \u00a7 5 p\u00edsm. a) a b) z\u00e1kona \u010d. 110\/2019 Sb., o zpracov\u00e1n\u00ed osobn\u00edch \u00fadaj\u016f<strong> <\/strong>jsou:<\/p>\n\n\n\n<ul class=\"wp-block-list\"><li>nezbytnost zpracov\u00e1n\u00ed pro spln\u011bn\u00ed pr\u00e1vn\u00ed povinnosti, kter\u00e1 se na spr\u00e1vce \u010di zpracovatele vztahuje;&nbsp;<\/li><li>nezbytnost zpracov\u00e1n\u00ed pro spln\u011bn\u00ed \u00fakolu prov\u00e1d\u011bn\u00e9ho ve ve\u0159ejn\u00e9m z\u00e1jmu nebo p\u0159i&nbsp;v\u00fdkonu ve\u0159ejn\u00e9 moci, kter\u00fdm je pov\u011b\u0159en spr\u00e1vce \u010di zpracovatel;<\/li><li>nezbytnost zpracov\u00e1n\u00ed pro spln\u011bn\u00ed smlouvy, jej\u00ed\u017e smluvn\u00ed stranou je subjekt \u00fadaj\u016f, nebo pro&nbsp;proveden\u00ed opat\u0159en\u00ed p\u0159ijat\u00fdch p\u0159ed uzav\u0159en\u00edm smlouvy na \u017e\u00e1dost tohoto subjektu \u00fadaj\u016f.<\/li><\/ul>\n\n\n\n<p><strong>Z\u00edsk\u00e1v\u00e1n\u00ed osobn\u00edch \u00fadaj\u016f z&nbsp;jin\u00fdch zdroj\u016f:<\/strong>&nbsp;je-li to nezbytn\u00e9 pro zaji\u0161t\u011bn\u00ed v\u00fdkonu konkr\u00e9tn\u00edho \u00fakolu, m\u016f\u017ee not\u00e1\u0159ka z\u00edskat osobn\u00ed \u00fadaje z ve\u0159ejn\u00fdch rejst\u0159\u00edk\u016f nebo seznam\u016f anebo z&nbsp;neve\u0159ejn\u00fdch informa\u010dn\u00edch syst\u00e9m\u016f, k&nbsp;nim\u017e m\u00e1 z\u00e1konn\u00e9 opr\u00e1vn\u011bn\u00ed p\u0159istupovat (\u00a7 109a a\u017e \u00a7 109f not\u00e1\u0159sk\u00e9ho \u0159\u00e1du). Osobn\u00ed \u00fadaje mohou b\u00fdt postoupeny org\u00e1ny ve\u0159ejn\u00e9 moci nebo mohou b\u00fdt sou\u010d\u00e1st\u00ed pod\u00e1n\u00ed, kter\u00e1 jsou not\u00e1\u0159ce doru\u010dena.<\/p>\n\n\n\n<p><strong>P\u0159ed\u00e1v\u00e1n\u00ed osobn\u00edch \u00fadaj\u016f:<\/strong>&nbsp;p\u0159\u00edpadn\u00e9 p\u0159ed\u00e1v\u00e1n\u00ed osobn\u00edch \u00fadaj\u016f jin\u00e9mu spr\u00e1vci je mo\u017en\u00e9 pouze na&nbsp;z\u00e1klad\u011b konkr\u00e9tn\u00edho pr\u00e1vn\u00edho p\u0159edpisu, kter\u00fd takovou mo\u017enost \u010di povinnost upravuje. P\u0159\u00edjemci t\u011bchto osobn\u00edch \u00fadaj\u016f jsou zpravidla org\u00e1ny ve\u0159ejn\u00e9 moci.&nbsp;V od\u016fvodn\u011bn\u00fdch p\u0159\u00edpadech mohou b\u00fdt osobn\u00ed \u00fadaje, kter\u00e9 jsou ulo\u017een\u00e9 v informa\u010dn\u00edch syst\u00e9mech zpracov\u00e1v\u00e1ny zpracovateli &#8211; extern\u00edmi dodavateli informa\u010dn\u00edch syst\u00e9m\u016f, a to v za \u00fa\u010delem \u00fadr\u017eby a&nbsp;rozvoje informa\u010dn\u00edch syst\u00e9m\u016f.&nbsp;<\/p>\n\n\n\n<p><strong>D\u00e9lka uchov\u00e1v\u00e1n\u00ed osobn\u00edch \u00fadaj\u016f:<\/strong><strong> <\/strong>d\u00e9lka uchov\u00e1v\u00e1n\u00ed osobn\u00edch \u00fadaj\u016f v&nbsp;oblasti not\u00e1\u0159sk\u00e9 \u010dinnosti a&nbsp;dal\u0161\u00ed \u010dinnosti (s v\u00fdjimkou \u010dinnosti v&nbsp;poz\u016fstalostn\u00edm \u0159\u00edzen\u00ed) vych\u00e1z\u00ed z&nbsp;kancel\u00e1\u0159sk\u00e9ho \u0159\u00e1du (vnit\u0159n\u00edho p\u0159edpisu Not\u00e1\u0159sk\u00e9 komory \u010cesk\u00e9 republiky). Po uplynut\u00ed lh\u016fty stanoven\u00e9 v ustanoven\u00ed \u00a7 30 odst. 1 a&nbsp;\u00a7&nbsp;49 odst. 2 kancel\u00e1\u0159sk\u00e9ho \u0159\u00e1du jsou p\u00edsemnosti, obsahuj\u00edc\u00ed osobn\u00ed \u00fadaje zlikvidov\u00e1ny; obdobn\u011b tak jsou zlikvidov\u00e1ny osobn\u00ed \u00fadaje v&nbsp;digit\u00e1ln\u00ed podob\u011b. P\u00edsemnosti obsahuj\u00edc\u00ed osobn\u00ed \u00fadaje, definovan\u00e9 v&nbsp;ustanoven\u00ed \u00a7&nbsp;49 odst. 1 kancel\u00e1\u0159sk\u00e9ho \u0159\u00e1du, podl\u00e9haj\u00ed skarta\u010dn\u00edmu \u0159\u00edzen\u00ed a jsou do n\u011bj zahrnuty v&nbsp;souladu s&nbsp;ustanoven\u00edm \u00a7 8 z\u00e1kona \u010d. 499\/2004 Sb., o archivnictv\u00ed a spisov\u00e9 slu\u017eb\u011b po&nbsp;uplynut\u00ed skarta\u010dn\u00ed lh\u016fty podle p\u0159\u00edlohy \u010d. 10 kancel\u00e1\u0159sk\u00e9ho \u0159\u00e1du. Obdobn\u011b tak jsou zlikvidov\u00e1ny osobn\u00ed \u00fadaje v&nbsp;digit\u00e1ln\u00ed podob\u011b.<\/p>\n\n\n\n<p>V&nbsp;p\u0159\u00edpad\u011b&nbsp;<strong>\u010dinnosti v&nbsp;poz\u016fstalostn\u00edm \u0159\u00edzen\u00ed<\/strong>&nbsp;not\u00e1\u0159ka po ukon\u010den\u00ed p\u0159\u00edslu\u0161n\u00e9ho poz\u016fstalostn\u00edho \u0159\u00edzen\u00ed p\u0159ed\u00e1v\u00e1 soudn\u00ed spis p\u0159\u00edslu\u0161n\u00e9mu soudu. D\u00e9lka uchov\u00e1v\u00e1n\u00ed osobn\u00edch \u00fadaj\u016f je centr\u00e1ln\u011b upravena Instrukc\u00ed Ministerstva spravedlnosti \u010d. 94\/2007-OIS-ST, kterou se vyd\u00e1v\u00e1 skarta\u010dn\u00ed \u0159\u00e1d pro okresn\u00ed, krajsk\u00e9 a vrchn\u00ed soudy. Po uplynut\u00ed skarta\u010dn\u00ed lh\u016fty jsou p\u00edsemnosti obsahuj\u00edc\u00ed osobn\u00ed \u00fadaje n\u00e1sleduj\u00edc\u00ed rok zahrnuty do skarta\u010dn\u00edho \u0159\u00edzen\u00ed v&nbsp;souladu s&nbsp;ustanoven\u00edm \u00a7 8 z\u00e1kona \u010d. 499\/2004 Sb., o archivnictv\u00ed a spisov\u00e9 slu\u017eb\u011b. Obdobn\u011b tak jsou zlikvidov\u00e1ny osobn\u00ed \u00fadaje v&nbsp;digit\u00e1ln\u00ed podob\u011b.<\/p>\n\n\n\n<p><strong>Pr\u00e1va a povinnosti subjekt\u016f osobn\u00edch \u00fadaj\u016f:<\/strong>&nbsp;GDPR umo\u017e\u0148uje subjekt\u016fm osobn\u00edch \u00fadaj\u016f v z\u00e1vislosti na konkr\u00e9tn\u00edch pr\u00e1vn\u00edch titulech zpracov\u00e1n\u00ed osobn\u00edch \u00fadaj\u016f uplatnit n\u00e1sleduj\u00edc\u00ed pr\u00e1va:<\/p>\n\n\n\n<ul class=\"wp-block-list\"><li>pr\u00e1vo na p\u0159\u00edstup k osobn\u00edm \u00fadaj\u016fm (\u010dl. 15 GDPR);<\/li><li>pr\u00e1vo na opravu \u2013 dopln\u011bn\u00ed (\u010dl. 16 GDPR);<\/li><li>pr\u00e1vo na omezen\u00ed zpracov\u00e1n\u00ed (\u010dl. 18 GDPR);&nbsp;<\/li><\/ul>\n\n\n\n<p>n\u00e1sleduj\u00edc\u00ed pr\u00e1va mohou b\u00fdt uplatn\u011bna pouze v&nbsp;omezen\u00e9m rozsahu \u010di je nelze uplatnit:<\/p>\n\n\n\n<ul class=\"wp-block-list\" start=\"4\"><li>pr\u00e1vo na v\u00fdmaz (pr\u00e1vo b\u00fdt zapomenut) (\u010dl. 17 GDPR);<\/li><li>pr\u00e1vo na p\u0159enositelnost osobn\u00edch \u00fadaj\u016f (\u010dl. 20 GDPR);<\/li><li>pr\u00e1vo vzn\u00e9st n\u00e1mitku proti zpracov\u00e1n\u00ed (\u010dl. 21 odst. 1 GDPR);<\/li><li>pr\u00e1vo podat st\u00ed\u017enost u dozorov\u00e9ho \u00fa\u0159adu (\u010dl. 77 GDPR).<\/li><\/ul>\n\n\n\n<p><strong>Uplatn\u011bn\u00ed dotaz\u016f a \u017e\u00e1dost\u00ed:<\/strong>&nbsp;sv\u00e9 dotazy a \u017e\u00e1dosti m\u016f\u017eete uplatnit prost\u0159ednictv\u00edm shora uveden\u00fdch kontaktn\u00edch \u00fadaj\u016f spr\u00e1vce osobn\u00edch \u00fadaj\u016f. Po posouzen\u00ed d\u016fvodnosti \u017e\u00e1dosti budete do 30 (t\u0159iceti) dn\u016f ode dne obdr\u017een\u00ed \u017e\u00e1dosti informov\u00e1ni o&nbsp;zp\u016fsobu vy\u0159\u00edzen\u00ed a o p\u0159ijat\u00fdch opat\u0159en\u00ed. Tuto lh\u016ftu je mo\u017en\u00e9 v p\u0159\u00edpad\u011b pot\u0159eby a&nbsp;s&nbsp;ohledem na&nbsp;slo\u017eitost a po\u010det \u017e\u00e1dost\u00ed prodlou\u017eit o dal\u0161\u00ed 2 (dva) m\u011bs\u00edce.<\/p>\n\n\n\n<p><strong>Org\u00e1n pro vy\u0159\u00edzen\u00ed st\u00ed\u017enost\u00ed:<\/strong>&nbsp;subjekt osobn\u00edch \u00fadaj\u016f m\u00e1 pr\u00e1vo podat st\u00ed\u017enost u dozorov\u00e9ho org\u00e1nu, kter\u00fdm je \u00da\u0159ad pro ochranu osobn\u00edch \u00fadaj\u016f (\u010dl. 77 GDPR).<\/p>\n","protected":false},"excerpt":{"rendered":"<p>v not\u00e1\u0159sk\u00e9 kancel\u00e1\u0159i Mgr. Kl\u00e1ry Janul\u00edkov\u00e9, not\u00e1\u0159ky se s\u00eddlem v&nbsp;Brn\u011b Mgr. Kl\u00e1ra Janul\u00edkov\u00e1, not\u00e1\u0159ka se s\u00eddlem v&nbsp;Brn\u011b, t\u00edmto podle&nbsp;ustanoven\u00ed \u010dl. 13 Na\u0159\u00edzen\u00ed Evropsk\u00e9ho parlamentu a Rady (EU) 2016\/679 ze dne 27. dubna 2016 o ochran\u011b fyzick\u00fdch osob v souvislosti se&nbsp;zpracov\u00e1n\u00edm osobn\u00edch \u00fadaj\u016f a o voln\u00e9m pohybu t\u011bchto \u00fadaj\u016f a o zru\u0161en\u00ed sm\u011brnice 95\/46\/ES (obecn\u00e9 na\u0159\u00edzen\u00ed [&hellip;]<\/p>\n","protected":false},"author":1,"featured_media":0,"parent":0,"menu_order":0,"comment_status":"closed","ping_status":"closed","template":"","meta":{"footnotes":""},"class_list":["post-711","page","type-page","status-publish","hentry"],"_links":{"self":[{"href":"https:\/\/janulikova.cz\/index.php?rest_route=\/wp\/v2\/pages\/711","targetHints":{"allow":["GET"]}}],"collection":[{"href":"https:\/\/janulikova.cz\/index.php?rest_route=\/wp\/v2\/pages"}],"about":[{"href":"https:\/\/janulikova.cz\/index.php?rest_route=\/wp\/v2\/types\/page"}],"author":[{"embeddable":true,"href":"https:\/\/janulikova.cz\/index.php?rest_route=\/wp\/v2\/users\/1"}],"replies":[{"embeddable":true,"href":"https:\/\/janulikova.cz\/index.php?rest_route=%2Fwp%2Fv2%2Fcomments&post=711"}],"version-history":[{"count":3,"href":"https:\/\/janulikova.cz\/index.php?rest_route=\/wp\/v2\/pages\/711\/revisions"}],"predecessor-version":[{"id":715,"href":"https:\/\/janulikova.cz\/index.php?rest_route=\/wp\/v2\/pages\/711\/revisions\/715"}],"wp:attachment":[{"href":"https:\/\/janulikova.cz\/index.php?rest_route=%2Fwp%2Fv2%2Fmedia&parent=711"}],"curies":[{"name":"wp","href":"https:\/\/api.w.org\/{rel}","templated":true}]}}