{"id":658,"date":"2018-11-19T14:10:21","date_gmt":"2018-11-19T14:10:21","guid":{"rendered":"http:\/\/janulikova.dubravcik.cz\/?page_id=658"},"modified":"2018-11-25T11:02:16","modified_gmt":"2018-11-25T11:02:16","slug":"notarske-sluzby-a-ukony","status":"publish","type":"page","link":"https:\/\/janulikova.cz\/?page_id=658","title":{"rendered":"Not\u00e1\u0159sk\u00e9 slu\u017eby a \u00fakony"},"content":{"rendered":"","protected":false},"excerpt":{"rendered":"","protected":false},"author":1,"featured_media":0,"parent":0,"menu_order":0,"comment_status":"closed","ping_status":"closed","template":"includes\/ukony.php","meta":{"footnotes":""},"class_list":["post-658","page","type-page","status-publish","hentry"],"_links":{"self":[{"href":"https:\/\/janulikova.cz\/index.php?rest_route=\/wp\/v2\/pages\/658","targetHints":{"allow":["GET"]}}],"collection":[{"href":"https:\/\/janulikova.cz\/index.php?rest_route=\/wp\/v2\/pages"}],"about":[{"href":"https:\/\/janulikova.cz\/index.php?rest_route=\/wp\/v2\/types\/page"}],"author":[{"embeddable":true,"href":"https:\/\/janulikova.cz\/index.php?rest_route=\/wp\/v2\/users\/1"}],"replies":[{"embeddable":true,"href":"https:\/\/janulikova.cz\/index.php?rest_route=%2Fwp%2Fv2%2Fcomments&post=658"}],"version-history":[{"count":1,"href":"https:\/\/janulikova.cz\/index.php?rest_route=\/wp\/v2\/pages\/658\/revisions"}],"predecessor-version":[{"id":659,"href":"https:\/\/janulikova.cz\/index.php?rest_route=\/wp\/v2\/pages\/658\/revisions\/659"}],"wp:attachment":[{"href":"https:\/\/janulikova.cz\/index.php?rest_route=%2Fwp%2Fv2%2Fmedia&parent=658"}],"curies":[{"name":"wp","href":"https:\/\/api.w.org\/{rel}","templated":true}]}}