{"id":634,"date":"2018-11-11T17:29:15","date_gmt":"2018-11-11T17:29:15","guid":{"rendered":"http:\/\/janulikova.dubravcik.cz\/?page_id=634"},"modified":"2018-12-16T17:50:09","modified_gmt":"2018-12-16T17:50:09","slug":"rizeni-o-pozustalosti","status":"publish","type":"page","link":"https:\/\/janulikova.cz\/?page_id=634","title":{"rendered":"\u0158\u00edzen\u00ed o poz\u016fstalosti"},"content":{"rendered":"<p>\u00dakony v\u00a0\u0159\u00edzen\u00ed o poz\u016fstalosti prov\u00e1d\u00ed jm\u00e9nem soudu jako soudn\u00ed komisa\u0159 not\u00e1\u0159, kter\u00e9ho t\u00edm poz\u016fstalostn\u00ed soud pov\u011b\u0159il.<\/p>\n<p>Mgr. Kl\u00e1ra Janul\u00edkov\u00e1, not\u00e1\u0159ka se s\u00eddlem v\u00a0Brn\u011b je jako soudn\u00ed komisa\u0159ka pov\u011b\u0159ov\u00e1na k projedn\u00e1n\u00ed \u0159\u00edzen\u00ed o poz\u016fstalosti po z\u016fstavitel\u00edch, kte\u0159\u00ed m\u011bli v\u00a0okam\u017eiku \u00famrt\u00ed trval\u00fd pobyt v n\u011bkter\u00e9m z\u00a0n\u00e1sleduj\u00edc\u00edch m\u011bst nebo obc\u00ed:<strong> Babice u Rosic, Lukovany, Nov\u00e1 Ves, Omice, Oslavany, Ostrova\u010dice, P\u0159\u00edbram na Morav\u011b, Rosice, Tet\u010dice, Vysok\u00e9 Popovice, Zak\u0159any, Zast\u00e1vka, Zbraslav a Zb\u00fd\u0161ov<\/strong>.<\/p>\n<p><strong>PR\u016eB\u011aH \u0158\u00cdZEN\u00cd O POZ\u016eSTALOSTI<\/strong><\/p>\n<p>\u0158\u00edzen\u00ed o poz\u016fstalosti zahajuje Okresn\u00ed soud Brno-venkov na z\u00e1klad\u011b \u00famrtn\u00edho listu vystaven\u00e9ho p\u0159\u00edslu\u0161n\u00fdm matri\u010dn\u00edm \u00fa\u0159adem. Po proveden\u00ed prvotn\u00edch \u00fakon\u016f not\u00e1\u0159ka na\u0159izuje tzv. p\u0159edb\u011b\u017en\u00e9 \u0161et\u0159en\u00ed, ke kter\u00e9mu je nej\u010dast\u011bji p\u0159edvol\u00e1na osoba, kter\u00e1 je jako vypravitel poh\u0159bu uvedena v\u00a0\u00famrtn\u00edm listu. \u00da\u010delem p\u0159edb\u011b\u017en\u00e9ho \u0161et\u0159en\u00ed je zji\u0161t\u011bn\u00ed stavu z\u016fstavitelova jm\u011bn\u00ed a zji\u0161t\u011bn\u00ed okruhu d\u011bdic\u016f, odkazovn\u00edk\u016f, vykonavatele z\u00e1v\u011bti, spr\u00e1vce poz\u016fstalosti a dal\u0161\u00edch osob, o jejich\u017e pr\u00e1va a\u00a0povinnosti v\u00a0\u0159\u00edzen\u00ed jde.<\/p>\n<p>Pokud not\u00e1\u0159ka zjist\u00ed, \u017ee z\u016fstavitel nezanechal \u017e\u00e1dn\u00fd majetek anebo zanechal majetek bez hodnoty nebo jen majetek nepatrn\u00e9 hodnoty, \u0159\u00edzen\u00ed o poz\u016fstalosti zastav\u00ed. V\u00a0p\u0159\u00edpad\u011b majetku nepatrn\u00e9 hodnoty nebo bez hodnoty se tento majetek vyd\u00e1 tomu, kdo se postaral o poh\u0159eb, pokud s\u00a0nabyt\u00edm tohoto majetku souhlas\u00ed.<\/p>\n<p>Nedojde-li k\u00a0zastaven\u00ed \u0159\u00edzen\u00ed, not\u00e1\u0159ka po zji\u0161t\u011bn\u00ed pot\u0159ebn\u00fdch informac\u00ed na\u0159izuje jedn\u00e1n\u00ed, ke kter\u00e9mu jsou p\u0159edvol\u00e1ni v\u0161ichni v\u00a0\u00favahu p\u0159ich\u00e1zej\u00edc\u00ed d\u011bdicov\u00e9. Ka\u017ed\u00fd d\u011bdic je v\u00a0\u0159\u00edzen\u00ed vyrozum\u011bn o sv\u00e9m d\u011bdick\u00e9m pr\u00e1vu a je opr\u00e1vn\u011bn d\u011bdictv\u00ed odm\u00edtnout. Na d\u011bdice p\u0159ech\u00e1z\u00ed nejen majetek, ale i dluhy z\u016fstavitele. Uplatn\u00ed-li d\u011bdic v\u00a0pr\u016fb\u011bhu \u0159\u00edzen\u00ed tzv. v\u00fdhradu soupisu, hrad\u00ed dluhy z\u016fstavitele pouze do v\u00fd\u0161e ceny nabyt\u00e9ho d\u011bdictv\u00ed. Nezanechal-li z\u016fstavitel po\u0159\u00edzen\u00ed pro p\u0159\u00edpad smrti, mohou se d\u011bdicov\u00e9 u jedn\u00e1n\u00ed dohodnout o rozd\u011blen\u00ed poz\u016fstalosti jakkoli.<\/p>\n<p><strong>D\u011aDICK\u00c9 TITULY<\/strong><\/p>\n<p>D\u011bd\u00ed se na z\u00e1klad\u011b d\u011bdick\u00e9 smlouvy, z\u00e1v\u011bti nebo ze z\u00e1kona, p\u0159i\u010dem\u017e tyto d\u011bdick\u00e9 tituly mohou p\u016fsobit i vedle sebe. D\u011bdic ustanoven\u00fd d\u011bdickou smlouvou m\u00e1 nejsiln\u011bj\u0161\u00ed postaven\u00ed. Druh\u00fdm nejsiln\u011bj\u0161\u00edm d\u011bdick\u00fdm titulem je z\u00e1v\u011b\u0165. Z\u00e1v\u011btn\u00ed d\u011bdic m\u00e1 tedy p\u0159ednost p\u0159ed z\u00e1konn\u00fdm d\u011bdicem. V\u00fdjimkou jsou jen tzv. nepominuteln\u00ed d\u011bdicov\u00e9, tedy d\u011bti z\u016fstavitele, kter\u00fdm ze z\u00e1kona n\u00e1le\u017e\u00ed pr\u00e1vo na povinn\u00fd d\u00edl z\u00a0poz\u016fstalosti, pokud nejsou vyd\u011bd\u011bni.<\/p>\n<p>Kdy\u017e nedojde k\u00a0d\u011bd\u011bn\u00ed podle d\u011bdick\u00e9 smlouvy nebo ze z\u00e1v\u011bti, nastane z\u00e1konn\u00e1 d\u011bdick\u00e1 posloupnost. Ob\u010dansk\u00fd z\u00e1kon\u00edk stanov\u00ed \u0161est d\u011bdick\u00fdch t\u0159\u00edd, kter\u00e9 p\u0159ich\u00e1zej\u00ed postupn\u011b v\u00a0\u00favahu. Podle prvn\u00ed d\u011bdick\u00e9 t\u0159\u00eddy d\u011bd\u00ed z\u016fstavitel\u016fv man\u017eel a d\u011bti (nen\u00ed-li jich, pak jejich potomci). Ned\u011bd\u00ed-li \u017e\u00e1dn\u00fd d\u011bdic ani podle z\u00e1konn\u00e9 d\u011bdick\u00e9 posloupnosti, p\u0159ipadne d\u011bdictv\u00ed st\u00e1tu jako tzv. od\u00famr\u0165.<\/p>\n","protected":false},"excerpt":{"rendered":"<p>\u00dakony v\u00a0\u0159\u00edzen\u00ed o poz\u016fstalosti prov\u00e1d\u00ed jm\u00e9nem soudu jako soudn\u00ed komisa\u0159 not\u00e1\u0159, kter\u00e9ho t\u00edm poz\u016fstalostn\u00ed soud pov\u011b\u0159il. Mgr. Kl\u00e1ra Janul\u00edkov\u00e1, not\u00e1\u0159ka se s\u00eddlem v\u00a0Brn\u011b je jako soudn\u00ed komisa\u0159ka pov\u011b\u0159ov\u00e1na k projedn\u00e1n\u00ed \u0159\u00edzen\u00ed o poz\u016fstalosti po z\u016fstavitel\u00edch, kte\u0159\u00ed m\u011bli v\u00a0okam\u017eiku \u00famrt\u00ed trval\u00fd pobyt v n\u011bkter\u00e9m z\u00a0n\u00e1sleduj\u00edc\u00edch m\u011bst nebo obc\u00ed: Babice u Rosic, Lukovany, Nov\u00e1 Ves, Omice, Oslavany, [&hellip;]<\/p>\n","protected":false},"author":1,"featured_media":0,"parent":0,"menu_order":0,"comment_status":"closed","ping_status":"closed","template":"","meta":{"footnotes":""},"class_list":["post-634","page","type-page","status-publish","hentry"],"_links":{"self":[{"href":"https:\/\/janulikova.cz\/index.php?rest_route=\/wp\/v2\/pages\/634","targetHints":{"allow":["GET"]}}],"collection":[{"href":"https:\/\/janulikova.cz\/index.php?rest_route=\/wp\/v2\/pages"}],"about":[{"href":"https:\/\/janulikova.cz\/index.php?rest_route=\/wp\/v2\/types\/page"}],"author":[{"embeddable":true,"href":"https:\/\/janulikova.cz\/index.php?rest_route=\/wp\/v2\/users\/1"}],"replies":[{"embeddable":true,"href":"https:\/\/janulikova.cz\/index.php?rest_route=%2Fwp%2Fv2%2Fcomments&post=634"}],"version-history":[{"count":2,"href":"https:\/\/janulikova.cz\/index.php?rest_route=\/wp\/v2\/pages\/634\/revisions"}],"predecessor-version":[{"id":672,"href":"https:\/\/janulikova.cz\/index.php?rest_route=\/wp\/v2\/pages\/634\/revisions\/672"}],"wp:attachment":[{"href":"https:\/\/janulikova.cz\/index.php?rest_route=%2Fwp%2Fv2%2Fmedia&parent=634"}],"curies":[{"name":"wp","href":"https:\/\/api.w.org\/{rel}","templated":true}]}}