{"id":632,"date":"2018-11-11T17:28:36","date_gmt":"2018-11-11T17:28:36","guid":{"rendered":"http:\/\/janulikova.dubravcik.cz\/?page_id=632"},"modified":"2022-09-04T13:53:35","modified_gmt":"2022-09-04T13:53:35","slug":"co-nabizime","status":"publish","type":"page","link":"https:\/\/janulikova.cz\/?page_id=632","title":{"rendered":"Co nab\u00edz\u00edme"},"content":{"rendered":"<p>V not\u00e1\u0159sk\u00e9 kancel\u00e1\u0159i Mgr. Kl\u00e1ry Janul\u00edkov\u00e9 se m\u016f\u017eete t\u011b\u0161it na:<\/p>\n<ul>\n<li>profesion\u00e1ln\u00ed p\u0159\u00edstup,<\/li>\n<li>komplexn\u00ed a individu\u00e1ln\u00ed \u0159e\u0161en\u00ed Va\u0161eho po\u017eadavku,<\/li>\n<li>p\u0159\u00e1telsk\u00e9 prost\u0159ed\u00ed,<\/li>\n<li>\u0159e\u0161en\u00ed Va\u0161eho po\u017eadavku v\u00a0co nejkrat\u0161\u00edm mo\u017en\u00e9m term\u00ednu,<\/li>\n<\/ul>\n<p>o co\u017e se postaraj\u00ed:<\/p>\n<ul>\n<li><strong>Mgr. Kl\u00e1ra Janul\u00edkov\u00e1<\/strong>, not\u00e1\u0159ka se s\u00eddlem v\u00a0Brn\u011b, kter\u00e1 je k\u00a0dispozici na tel.\u010d.\u00a0+420\u00a0601 165 176 a\u00a0emailu <a href=\"mailto:notarka@janulikova.cz\">notarka@janulikova.cz<\/a><\/li>\n<li><strong>Mgr. Michaela R\u016f\u017ei\u010dkov\u00e1<\/strong>, not\u00e1\u0159sk\u00e1 koncipientka, kter\u00e1 je k dispozici na tel.\u010d. +420 601 165 177 a emailu <a href=\"mailto:michaela.ruzickova@janulikova.cz\" target=\"_blank\" rel=\"noopener noreferrer\">michaela.ruzickova@janulikova.<wbr \/>cz<\/a><\/li>\n<li><strong>Mgr. Bc. Tereza Biravsk\u00e1<\/strong>, not\u00e1\u0159sk\u00e1 koncipientka, kter\u00e1 je k\u00a0dispozici na tel.\u010d.\u00a0+420\u00a0601\u00a0165\u00a0178 a\u00a0emailu\u00a0<a href=\"mailto:tereza.biravska@janulikova.cz\" target=\"_blank\" rel=\"noopener noreferrer\">tereza.biravska@<wbr \/>janulikova.cz<\/a> (t\u010d. na rodi\u010dovsk\u00e9 dovolen\u00e9)<\/li>\n<\/ul>\n<p>V\u00a0p\u0159\u00edpad\u011b z\u00e1jmu o \u0159e\u0161en\u00ed Va\u0161eho jak\u00e9hokoli po\u017eadavku se na n\u011bkterou z\u00a0n\u00e1s nev\u00e1hejte kdykoli s\u00a0d\u016fv\u011brou obr\u00e1tit. Jsme p\u0159ipraveny poskytnout V\u00e1m pot\u0159ebnou sou\u010dinnost a vyj\u00edt V\u00e1m maxim\u00e1ln\u011b vst\u0159\u00edc.<\/p>\n<p><img loading=\"lazy\" decoding=\"async\" class=\"aligncenter wp-image-688 size-full\" src=\"http:\/\/janulikova.cz\/wp-content\/uploads\/2019\/06\/20190510-_MG_9834.jpg\" alt=\"\" width=\"2000\" height=\"1333\" srcset=\"https:\/\/janulikova.cz\/wp-content\/uploads\/2019\/06\/20190510-_MG_9834.jpg 2000w, https:\/\/janulikova.cz\/wp-content\/uploads\/2019\/06\/20190510-_MG_9834-300x200.jpg 300w, https:\/\/janulikova.cz\/wp-content\/uploads\/2019\/06\/20190510-_MG_9834-768x512.jpg 768w, https:\/\/janulikova.cz\/wp-content\/uploads\/2019\/06\/20190510-_MG_9834-1024x682.jpg 1024w\" sizes=\"auto, (max-width: 2000px) 100vw, 2000px\" \/><\/p>\n","protected":false},"excerpt":{"rendered":"<p>V not\u00e1\u0159sk\u00e9 kancel\u00e1\u0159i Mgr. Kl\u00e1ry Janul\u00edkov\u00e9 se m\u016f\u017eete t\u011b\u0161it na: profesion\u00e1ln\u00ed p\u0159\u00edstup, komplexn\u00ed a individu\u00e1ln\u00ed \u0159e\u0161en\u00ed Va\u0161eho po\u017eadavku, p\u0159\u00e1telsk\u00e9 prost\u0159ed\u00ed, \u0159e\u0161en\u00ed Va\u0161eho po\u017eadavku v\u00a0co nejkrat\u0161\u00edm mo\u017en\u00e9m term\u00ednu, o co\u017e se postaraj\u00ed: Mgr. Kl\u00e1ra Janul\u00edkov\u00e1, not\u00e1\u0159ka se s\u00eddlem v\u00a0Brn\u011b, kter\u00e1 je k\u00a0dispozici na tel.\u010d.\u00a0+420\u00a0601 165 176 a\u00a0emailu notarka@janulikova.cz Mgr. Michaela R\u016f\u017ei\u010dkov\u00e1, not\u00e1\u0159sk\u00e1 koncipientka, kter\u00e1 je k [&hellip;]<\/p>\n","protected":false},"author":1,"featured_media":0,"parent":0,"menu_order":0,"comment_status":"closed","ping_status":"closed","template":"","meta":{"footnotes":""},"class_list":["post-632","page","type-page","status-publish","hentry"],"_links":{"self":[{"href":"https:\/\/janulikova.cz\/index.php?rest_route=\/wp\/v2\/pages\/632","targetHints":{"allow":["GET"]}}],"collection":[{"href":"https:\/\/janulikova.cz\/index.php?rest_route=\/wp\/v2\/pages"}],"about":[{"href":"https:\/\/janulikova.cz\/index.php?rest_route=\/wp\/v2\/types\/page"}],"author":[{"embeddable":true,"href":"https:\/\/janulikova.cz\/index.php?rest_route=\/wp\/v2\/users\/1"}],"replies":[{"embeddable":true,"href":"https:\/\/janulikova.cz\/index.php?rest_route=%2Fwp%2Fv2%2Fcomments&post=632"}],"version-history":[{"count":5,"href":"https:\/\/janulikova.cz\/index.php?rest_route=\/wp\/v2\/pages\/632\/revisions"}],"predecessor-version":[{"id":744,"href":"https:\/\/janulikova.cz\/index.php?rest_route=\/wp\/v2\/pages\/632\/revisions\/744"}],"wp:attachment":[{"href":"https:\/\/janulikova.cz\/index.php?rest_route=%2Fwp%2Fv2%2Fmedia&parent=632"}],"curies":[{"name":"wp","href":"https:\/\/api.w.org\/{rel}","templated":true}]}}