{"id":243,"date":"2017-05-04T22:13:47","date_gmt":"2017-05-04T22:13:47","guid":{"rendered":"http:\/\/webvillee.com\/themes\/wp\/lawyer-wp\/?page_id=243"},"modified":"2026-04-01T20:06:08","modified_gmt":"2026-04-01T20:06:08","slug":"kontakt","status":"publish","type":"page","link":"https:\/\/janulikova.cz\/?page_id=243","title":{"rendered":"Kontakt"},"content":{"rendered":"\n\n\n\n\n<h2 class=\"wp-block-heading\">\u00da\u0159edn\u00ed hodiny<\/h2>\n<figure class=\"wp-block-table uredni-hodiny\"><table><tbody><tr><td><em>Pond\u011bl\u00ed:<\/em><\/td><td><em>8:00 &#8211; 16:30<\/em><\/td><\/tr><tr><td><em>\u00dater\u00fd:<\/em><\/td><td><em>8:00 &#8211; 16:30<\/em><\/td><\/tr><tr><td><em>St\u0159eda:<\/em><\/td><td><em>8:00 &#8211; 17:00<\/em><\/td><\/tr><tr><td><em>\u010ctvrtek:<\/em><\/td><td><em>8:00 &#8211; 16:30<\/em><\/td><\/tr><tr><td><em>P\u00e1tek:<\/em><\/td><td><em>8:00 &#8211; 15:00<\/em><\/td><\/tr><\/tbody><\/table><\/figure>\n","protected":false},"excerpt":{"rendered":"<p>\u00da\u0159edn\u00ed hodiny Pond\u011bl\u00ed: 8:00 &#8211; 16:30 \u00dater\u00fd: 8:00 &#8211; 16:30 St\u0159eda: 8:00 &#8211; 17:00 \u010ctvrtek: 8:00 &#8211; 16:30 P\u00e1tek: 8:00 &#8211; 15:00<\/p>\n","protected":false},"author":1,"featured_media":0,"parent":0,"menu_order":0,"comment_status":"closed","ping_status":"closed","template":"includes\/contact.php","meta":{"footnotes":""},"class_list":["post-243","page","type-page","status-publish","hentry"],"_links":{"self":[{"href":"https:\/\/janulikova.cz\/index.php?rest_route=\/wp\/v2\/pages\/243","targetHints":{"allow":["GET"]}}],"collection":[{"href":"https:\/\/janulikova.cz\/index.php?rest_route=\/wp\/v2\/pages"}],"about":[{"href":"https:\/\/janulikova.cz\/index.php?rest_route=\/wp\/v2\/types\/page"}],"author":[{"embeddable":true,"href":"https:\/\/janulikova.cz\/index.php?rest_route=\/wp\/v2\/users\/1"}],"replies":[{"embeddable":true,"href":"https:\/\/janulikova.cz\/index.php?rest_route=%2Fwp%2Fv2%2Fcomments&post=243"}],"version-history":[{"count":5,"href":"https:\/\/janulikova.cz\/index.php?rest_route=\/wp\/v2\/pages\/243\/revisions"}],"predecessor-version":[{"id":807,"href":"https:\/\/janulikova.cz\/index.php?rest_route=\/wp\/v2\/pages\/243\/revisions\/807"}],"wp:attachment":[{"href":"https:\/\/janulikova.cz\/index.php?rest_route=%2Fwp%2Fv2%2Fmedia&parent=243"}],"curies":[{"name":"wp","href":"https:\/\/api.w.org\/{rel}","templated":true}]}}